{"id":7240,"date":"2026-02-13T12:39:09","date_gmt":"2026-02-13T12:39:09","guid":{"rendered":"https:\/\/catiafatana.com\/?page_id=7240"},"modified":"2026-02-16T12:22:16","modified_gmt":"2026-02-16T12:22:16","slug":"agendamento","status":"publish","type":"page","link":"https:\/\/catiafatana.com\/en\/agendamento\/","title":{"rendered":"Agendamento"},"content":{"rendered":"<div data-elementor-type=\"wp-page\" data-elementor-id=\"7240\" class=\"elementor elementor-7240\" data-elementor-settings=\"{&quot;ha_cmc_init_switcher&quot;:&quot;no&quot;}\" data-elementor-post-type=\"page\">\n\t\t\t\t<div class=\"elementor-element elementor-element-276b165d e-flex e-con-boxed e-con e-parent\" data-id=\"276b165d\" data-element_type=\"container\" data-e-type=\"container\" data-settings=\"{&quot;_ha_eqh_enable&quot;:false}\">\n\t\t\t\t\t<div class=\"e-con-inner\">\n\t\t\t\t<div class=\"elementor-element elementor-element-2bea842c elementor-widget__width-initial ha-has-bg-overlay elementor-widget elementor-widget-text-editor\" data-id=\"2bea842c\" data-element_type=\"widget\" data-e-type=\"widget\" data-widget_type=\"text-editor.default\">\n\t\t\t\t<div class=\"elementor-widget-container\">\n\t\t\t\t\t\t\t\t\t<p><h3>Sorry this appointment type isn&#8217;t available, please check back later<\/h3><\/p>\t\t\t\t\t\t\t\t<\/div>\n\t\t\t\t<\/div>\n\t\t\t\t\t<\/div>\n\t\t\t\t<\/div>\n\t\t\t\t<\/div>","protected":false},"excerpt":{"rendered":"","protected":false},"author":4,"featured_media":0,"parent":0,"menu_order":15,"comment_status":"closed","ping_status":"closed","template":"","meta":{"footnotes":""},"class_list":["post-7240","page","type-page","status-publish","hentry"],"yoast_head":"<!-- This site is optimized with the Yoast SEO plugin v27.2 - https:\/\/yoast.com\/product\/yoast-seo-wordpress\/ -->\n<title>Agendamento - C\u00e1tia Fatana<\/title>\n<meta name=\"robots\" content=\"index, follow, max-snippet:-1, max-image-preview:large, max-video-preview:-1\" \/>\n<link rel=\"canonical\" href=\"https:\/\/catiafatana.com\/en\/agendamento\/\" \/>\n<meta property=\"og:locale\" content=\"en_GB\" \/>\n<meta property=\"og:type\" content=\"article\" \/>\n<meta property=\"og:title\" content=\"Agendamento - C\u00e1tia Fatana\" \/>\n<meta property=\"og:url\" content=\"https:\/\/catiafatana.com\/en\/agendamento\/\" \/>\n<meta property=\"og:site_name\" content=\"C\u00e1tia Fatana\" \/>\n<meta property=\"article:modified_time\" content=\"2026-02-16T12:22:16+00:00\" \/>\n<meta property=\"og:image\" content=\"https:\/\/catiafatana.com\/wp-content\/uploads\/2024\/09\/giselesecco10-1-scaled.jpg\" \/>\n\t<meta property=\"og:image:width\" content=\"1707\" \/>\n\t<meta property=\"og:image:height\" content=\"2560\" \/>\n\t<meta property=\"og:image:type\" content=\"image\/jpeg\" \/>\n<meta name=\"twitter:card\" content=\"summary_large_image\" \/>\n<script type=\"application\/ld+json\" class=\"yoast-schema-graph\">{\"@context\":\"https:\/\/schema.org\",\"@graph\":[{\"@type\":\"WebPage\",\"@id\":\"https:\/\/catiafatana.com\/agendamento\/\",\"url\":\"https:\/\/catiafatana.com\/agendamento\/\",\"name\":\"Agendamento - C\u00e1tia Fatana\",\"isPartOf\":{\"@id\":\"https:\/\/catiafatana.com\/#website\"},\"datePublished\":\"2026-02-13T12:39:09+00:00\",\"dateModified\":\"2026-02-16T12:22:16+00:00\",\"breadcrumb\":{\"@id\":\"https:\/\/catiafatana.com\/agendamento\/#breadcrumb\"},\"inLanguage\":\"en-GB\",\"potentialAction\":[{\"@type\":\"ReadAction\",\"target\":[\"https:\/\/catiafatana.com\/agendamento\/\"]}]},{\"@type\":\"BreadcrumbList\",\"@id\":\"https:\/\/catiafatana.com\/agendamento\/#breadcrumb\",\"itemListElement\":[{\"@type\":\"ListItem\",\"position\":1,\"name\":\"In\u00edcio\",\"item\":\"https:\/\/catiafatana.com\/\"},{\"@type\":\"ListItem\",\"position\":2,\"name\":\"Agendamento\"}]},{\"@type\":\"WebSite\",\"@id\":\"https:\/\/catiafatana.com\/#website\",\"url\":\"https:\/\/catiafatana.com\/\",\"name\":\"C\u00e1tia Fatana\",\"description\":\"Ativa a intelig\u00eancia do Cora\u00e7\u00e3o - Da dor para o amor!\",\"publisher\":{\"@id\":\"https:\/\/catiafatana.com\/#\/schema\/person\/8778d588b507de4ac92e45d7058766b4\"},\"alternateName\":\"Catia Fatana\",\"potentialAction\":[{\"@type\":\"SearchAction\",\"target\":{\"@type\":\"EntryPoint\",\"urlTemplate\":\"https:\/\/catiafatana.com\/?s={search_term_string}\"},\"query-input\":{\"@type\":\"PropertyValueSpecification\",\"valueRequired\":true,\"valueName\":\"search_term_string\"}}],\"inLanguage\":\"en-GB\"},{\"@type\":[\"Person\",\"Organization\"],\"@id\":\"https:\/\/catiafatana.com\/#\/schema\/person\/8778d588b507de4ac92e45d7058766b4\",\"name\":\"C\u00e1tia Fatana\",\"image\":{\"@type\":\"ImageObject\",\"inLanguage\":\"en-GB\",\"@id\":\"https:\/\/catiafatana.com\/wp-content\/uploads\/2024\/09\/Assinatura-simples-09-scaled.png\",\"url\":\"https:\/\/catiafatana.com\/wp-content\/uploads\/2024\/09\/Assinatura-simples-09-scaled.png\",\"contentUrl\":\"https:\/\/catiafatana.com\/wp-content\/uploads\/2024\/09\/Assinatura-simples-09-scaled.png\",\"width\":2560,\"height\":1440,\"caption\":\"C\u00e1tia Fatana\"},\"logo\":{\"@id\":\"https:\/\/catiafatana.com\/wp-content\/uploads\/2024\/09\/Assinatura-simples-09-scaled.png\"}}]}<\/script>\n<!-- \/ Yoast SEO plugin. -->","yoast_head_json":{"title":"Agendamento - C\u00e1tia Fatana","robots":{"index":"index","follow":"follow","max-snippet":"max-snippet:-1","max-image-preview":"max-image-preview:large","max-video-preview":"max-video-preview:-1"},"canonical":"https:\/\/catiafatana.com\/en\/agendamento\/","og_locale":"en_GB","og_type":"article","og_title":"Agendamento - C\u00e1tia Fatana","og_url":"https:\/\/catiafatana.com\/en\/agendamento\/","og_site_name":"C\u00e1tia Fatana","article_modified_time":"2026-02-16T12:22:16+00:00","og_image":[{"width":1707,"height":2560,"url":"https:\/\/catiafatana.com\/wp-content\/uploads\/2024\/09\/giselesecco10-1-scaled.jpg","type":"image\/jpeg"}],"twitter_card":"summary_large_image","schema":{"@context":"https:\/\/schema.org","@graph":[{"@type":"WebPage","@id":"https:\/\/catiafatana.com\/agendamento\/","url":"https:\/\/catiafatana.com\/agendamento\/","name":"Agendamento - C\u00e1tia Fatana","isPartOf":{"@id":"https:\/\/catiafatana.com\/#website"},"datePublished":"2026-02-13T12:39:09+00:00","dateModified":"2026-02-16T12:22:16+00:00","breadcrumb":{"@id":"https:\/\/catiafatana.com\/agendamento\/#breadcrumb"},"inLanguage":"en-GB","potentialAction":[{"@type":"ReadAction","target":["https:\/\/catiafatana.com\/agendamento\/"]}]},{"@type":"BreadcrumbList","@id":"https:\/\/catiafatana.com\/agendamento\/#breadcrumb","itemListElement":[{"@type":"ListItem","position":1,"name":"In\u00edcio","item":"https:\/\/catiafatana.com\/"},{"@type":"ListItem","position":2,"name":"Agendamento"}]},{"@type":"WebSite","@id":"https:\/\/catiafatana.com\/#website","url":"https:\/\/catiafatana.com\/","name":"C\u00e1tia Fatana","description":"Ativa a intelig\u00eancia do Cora\u00e7\u00e3o - Da dor para o amor!","publisher":{"@id":"https:\/\/catiafatana.com\/#\/schema\/person\/8778d588b507de4ac92e45d7058766b4"},"alternateName":"Catia Fatana","potentialAction":[{"@type":"SearchAction","target":{"@type":"EntryPoint","urlTemplate":"https:\/\/catiafatana.com\/?s={search_term_string}"},"query-input":{"@type":"PropertyValueSpecification","valueRequired":true,"valueName":"search_term_string"}}],"inLanguage":"en-GB"},{"@type":["Person","Organization"],"@id":"https:\/\/catiafatana.com\/#\/schema\/person\/8778d588b507de4ac92e45d7058766b4","name":"C\u00e1tia Fatana","image":{"@type":"ImageObject","inLanguage":"en-GB","@id":"https:\/\/catiafatana.com\/wp-content\/uploads\/2024\/09\/Assinatura-simples-09-scaled.png","url":"https:\/\/catiafatana.com\/wp-content\/uploads\/2024\/09\/Assinatura-simples-09-scaled.png","contentUrl":"https:\/\/catiafatana.com\/wp-content\/uploads\/2024\/09\/Assinatura-simples-09-scaled.png","width":2560,"height":1440,"caption":"C\u00e1tia Fatana"},"logo":{"@id":"https:\/\/catiafatana.com\/wp-content\/uploads\/2024\/09\/Assinatura-simples-09-scaled.png"}}]}},"_links":{"self":[{"href":"https:\/\/catiafatana.com\/en\/wp-json\/wp\/v2\/pages\/7240","targetHints":{"allow":["GET"]}}],"collection":[{"href":"https:\/\/catiafatana.com\/en\/wp-json\/wp\/v2\/pages"}],"about":[{"href":"https:\/\/catiafatana.com\/en\/wp-json\/wp\/v2\/types\/page"}],"author":[{"embeddable":true,"href":"https:\/\/catiafatana.com\/en\/wp-json\/wp\/v2\/users\/4"}],"replies":[{"embeddable":true,"href":"https:\/\/catiafatana.com\/en\/wp-json\/wp\/v2\/comments?post=7240"}],"version-history":[{"count":10,"href":"https:\/\/catiafatana.com\/en\/wp-json\/wp\/v2\/pages\/7240\/revisions"}],"predecessor-version":[{"id":7902,"href":"https:\/\/catiafatana.com\/en\/wp-json\/wp\/v2\/pages\/7240\/revisions\/7902"}],"wp:attachment":[{"href":"https:\/\/catiafatana.com\/en\/wp-json\/wp\/v2\/media?parent=7240"}],"curies":[{"name":"wp","href":"https:\/\/api.w.org\/{rel}","templated":true}]}}