{"id":518,"date":"2024-02-13T08:28:21","date_gmt":"2024-02-13T08:28:21","guid":{"rendered":"https:\/\/lightcoral-gazelle-670378.hostingersite.com\/?page_id=518"},"modified":"2026-03-26T13:29:28","modified_gmt":"2026-03-26T13:29:28","slug":"politica-de-privacidade","status":"publish","type":"page","link":"https:\/\/catiafatana.com\/en\/politica-de-privacidade\/","title":{"rendered":"Privacy Policy"},"content":{"rendered":"<div data-elementor-type=\"wp-page\" data-elementor-id=\"518\" class=\"elementor elementor-518\" data-elementor-settings=\"{&quot;ha_cmc_init_switcher&quot;:&quot;no&quot;}\" data-elementor-post-type=\"page\">\n\t\t\t\t<div class=\"elementor-element elementor-element-a7f4d8c e-flex e-con-boxed e-con e-parent\" data-id=\"a7f4d8c\" data-element_type=\"container\" data-e-type=\"container\" data-settings=\"{&quot;background_background&quot;:&quot;classic&quot;,&quot;_ha_eqh_enable&quot;:false}\">\n\t\t\t\t\t<div class=\"e-con-inner\">\n\t\t<div class=\"elementor-element elementor-element-52958ad e-con-full e-flex e-con e-child\" data-id=\"52958ad\" data-element_type=\"container\" data-e-type=\"container\" data-settings=\"{&quot;_ha_eqh_enable&quot;:false}\">\n\t\t\t\t<div class=\"elementor-element elementor-element-b4d29e8 elementor-widget elementor-widget-heading\" data-id=\"b4d29e8\" data-element_type=\"widget\" data-e-type=\"widget\" data-widget_type=\"heading.default\">\n\t\t\t\t<div class=\"elementor-widget-container\">\n\t\t\t\t\t<h2 class=\"elementor-heading-title elementor-size-default\">Privacy Policy<\/h2>\t\t\t\t<\/div>\n\t\t\t\t<\/div>\n\t\t\t\t<\/div>\n\t\t\t\t\t<\/div>\n\t\t\t\t<\/div>\n\t\t\t\t<section class=\"elementor-section elementor-top-section elementor-element elementor-element-6873e80 elementor-section-boxed elementor-section-height-default elementor-section-height-default\" data-id=\"6873e80\" data-element_type=\"section\" data-e-type=\"section\" data-settings=\"{&quot;background_background&quot;:&quot;classic&quot;,&quot;_ha_eqh_enable&quot;:false}\">\n\t\t\t\t\t\t<div class=\"elementor-container elementor-column-gap-default\">\n\t\t\t\t\t<div class=\"elementor-column elementor-col-100 elementor-top-column elementor-element elementor-element-9c292f3\" data-id=\"9c292f3\" data-element_type=\"column\" data-e-type=\"column\">\n\t\t\t<div class=\"elementor-widget-wrap elementor-element-populated\">\n\t\t\t\t\t\t<div class=\"elementor-element elementor-element-7c77918 elementor-widget elementor-widget-heading\" data-id=\"7c77918\" data-element_type=\"widget\" data-e-type=\"widget\" data-widget_type=\"heading.default\">\n\t\t\t\t<div class=\"elementor-widget-container\">\n\t\t\t\t\t<h2 class=\"elementor-heading-title elementor-size-default\">Regarding the processing of personal data<\/h2>\t\t\t\t<\/div>\n\t\t\t\t<\/div>\n\t\t\t\t<div class=\"elementor-element elementor-element-4771b83 elementor-widget elementor-widget-text-editor\" data-id=\"4771b83\" data-element_type=\"widget\" data-e-type=\"widget\" data-widget_type=\"text-editor.default\">\n\t\t\t\t<div class=\"elementor-widget-container\">\n\t\t\t\t\t\t\t\t\t<p><span style=\"font-weight: 400;\">This privacy statement provides information about how personal data is handled by [Company Name]. <\/span><b>Catiafatana<\/b><span style=\"font-weight: 400;\">.<\/span><\/p><p><span style=\"font-weight: 400;\">The Company recognizes that the protection of personal data is important to its customers, partners, and other data subjects (hereinafter referred to as data subjects) and is committed to respecting and protecting the privacy of each data subject.<\/span><\/p><p><span style=\"font-weight: 400;\">This privacy statement is addressed to you, our customers and partners, and their representatives (employees and other authorized persons who communicate with the Company). It explains and informs you about how personal data is processed and what rights you and your representatives have.<\/span><\/p><p><span style=\"font-weight: 400;\">In processing personal data, the Company complies with all legal acts that regulate the protection of personal data, the instructions of the competent authorities, as well as the rules and procedures established to ensure that personal data is processed accurately, fairly, lawfully, transparently and securely.<\/span><\/p><p><b>Responsible for the processing of personal data \u2013 Catiafatana, registered address: , email: info@catiafatana.com, tel. +351963366327. <\/b><span style=\"font-weight: 400;\">The company has appointed a data protection officer, whom you can contact using the contact details provided.<\/span><\/p><p><span style=\"font-weight: 400;\">You voluntarily provide personal data to the Company. The Company will process this data in order to enter into contracts with you, properly fulfill its obligations to you, and comply with other legal obligations. If you do not provide personal data, the Company will not be able to complete transactions with you or provide other services you need.<\/span><\/p><p><b>Objectives and legal bases for the processing of personal data<\/b><span style=\"font-weight: 400;\"> \u2013 celebration and execution of contracts with clients, including recovery of overdue payments from defaulting clients (legal basis: processing is necessary for the performance of the contract; personal data of representatives authorized to communicate with the Company), mandatory accounting of business operations (legal basis: compliance with legal obligations applicable to the Company), analysis of business operations (statistics) (legal basis: legitimate interests of the Company in analyzing its business operations and maintaining statistics).<\/span><\/p><p><span style=\"font-weight: 400;\">Recipients of personal data processed by the Company \u2013 the Company&#039;s employees, as well as the Company&#039;s partners, to whom, in order to fulfill our obligations to you, we transfer the personal data necessary for the fulfillment of your orders in individual cases. In cases provided for in legal acts, the Company, in fulfilling its obligations, also provides your data to the competent state institutions.<\/span><\/p><p><span style=\"font-weight: 400;\">HOW AND WHY WE COLLECT AND USE YOUR PERSONAL DATA<\/span><\/p><p><b>A Catiafatana<\/b><span style=\"font-weight: 400;\"> We need your personal data, which may be collected in the following ways. The privacy policy sets out what you can expect when a company collects personal information about you:<\/span><\/p><p><span style=\"font-weight: 400;\">website visitors <\/span><b>(www.catiafatana.com);<\/b><\/p><p><span style=\"font-weight: 400;\">People who contacted us;<\/span><\/p><p><span style=\"font-weight: 400;\">The people who bought our products;<\/span><\/p><p><span style=\"font-weight: 400;\">Job applicants.<\/span><\/p><p><b>Contact us<\/b><\/p><p><span style=\"font-weight: 400;\">Our website offers several ways for you to contact us. We personally receive, analyze, and respond to all reports. To contact us via the website, you will provide us with your first name, last name, phone number, and email address. If you contact us by email, we will process the following data from your email: your name, last name, email address, and the text of the correspondence. This data will be processed in preparation for the execution of the contract. If you do not provide your contact information, we will not be able to contact you. Please note that the website may also use email tracking or email blocking software, and you must ensure that the emails you send do not contain illegal content. If the order is fulfilled, the electronic version of the order is stored according to the established procedure, and if the order is not fulfilled, the inquiry form and correspondence are deleted from the company&#039;s email, except for information for which other terms are specified in the Privacy Policy or legislation.<\/span><\/p><p><span style=\"font-weight: 400;\">All personal data you provide when communicating with us is used solely for the purposes of viewing messages and administering and managing communication flows. We commit to not using your personal data in any publications in a way that could identify you without your express consent. Please note that we may need to contact you by mail or telephone. Remember to notify us of any changes to your personal information.<\/span><\/p><p><span style=\"font-weight: 400;\">We do not normally disclose your personal information, but to ensure the continuity of our business and the proper provision of services and delivery of goods, we disclose information about you to our employees: administration, managers, foremen, if reasonably necessary for the purposes set out in this Privacy Policy. In certain circumstances, we may be required to transfer personal data when:<\/span><\/p><ol><li style=\"font-weight: 400;\" aria-level=\"1\"><span style=\"font-weight: 400;\">We must disclose information in accordance with the law, including when we must disclose personal data to the tax administrator and law enforcement authorities for the purposes of crime prevention and detection;<\/span><\/li><li style=\"font-weight: 400;\" aria-level=\"1\"><span style=\"font-weight: 400;\">We must disclose personal data in the context of legal proceedings or for the purpose of obtaining legal advice, or disclosure is necessary to establish, enforce or defend our rights;<\/span><\/li><li style=\"font-weight: 400;\" aria-level=\"1\"><span style=\"font-weight: 400;\">Information must be disclosed to protect our interests or the interests of third parties (for example, to prevent fraud);<\/span><\/li><li style=\"font-weight: 400;\" aria-level=\"1\"><span style=\"font-weight: 400;\">Information must be disclosed to protect your vital interests (for example, if you do not feel well in our facilities and we have to seek medical attention);<\/span><\/li><li style=\"font-weight: 400;\" aria-level=\"1\"><span style=\"font-weight: 400;\">The Company will store the processed personal data for a period no longer than required by the purposes of the data processing or provided for by law, or until the limitation period for any claims expires.<\/span><\/li><\/ol><p><span style=\"font-weight: 400;\">You have the right to request from the Company access to the personal data it processes, to request its rectification or erasure, or to restrict the processing of the data, or the right to object to the processing of the data, as well as the right to data portability.<\/span><\/p><p><span style=\"font-weight: 400;\">When the Company processes your personal data based on a legitimate interest, you have the right, at any time, to object to the processing of your personal data by the Company for reasons relating to your specific case.<\/span><\/p><p><span style=\"font-weight: 400;\">The right to request the erasure of data, the right to restrict data processing, the right to data portability, and the right to object to data processing are not absolute, and the law may provide for additional conditions for their implementation.<\/span><\/p><p><span style=\"font-weight: 400;\">You have the right to request that we delete your personal data. Please note that we can only fulfill such a request if:<\/span><\/p><ul><li style=\"font-weight: 400;\" aria-level=\"1\"><span style=\"font-weight: 400;\">Your personal data is no longer needed for the purposes for which it was collected (for example, we need your personal data to respond to your letters);<\/span><\/li><li style=\"font-weight: 400;\" aria-level=\"1\"><span style=\"font-weight: 400;\">We are prohibited by law from collecting, storing, or using personal data;<\/span><\/li><li style=\"font-weight: 400;\" aria-level=\"1\"><span style=\"font-weight: 400;\">Your personal data is not required to establish, execute or defend a legal claim, such as in court proceedings.<\/span><\/li><\/ul><p><span style=\"font-weight: 400;\">You have the right to ask us to restrict or not process your personal data:<\/span><\/p><ul><li style=\"font-weight: 400;\" aria-level=\"1\"><span style=\"font-weight: 400;\">The period of time required to verify the accuracy of your personal data when you make complaints about the accuracy of the data;<\/span><\/li><li style=\"font-weight: 400;\" aria-level=\"1\"><span style=\"font-weight: 400;\">when our collection, storage or use of your personal data is illegal, but you choose not to request the deletion of the data;<\/span><\/li><li style=\"font-weight: 400;\" aria-level=\"1\"><span style=\"font-weight: 400;\">when we no longer need your personal data, but you need it to establish, fulfill, or defend a legal claim;<\/span><\/li><li style=\"font-weight: 400;\" aria-level=\"1\"><span style=\"font-weight: 400;\">during the period necessary to determine whether we have a more substantial legal basis to continue processing your personal data, should you have exercised your right to object to the processing of your personal data.<\/span><\/li><\/ul><p><span style=\"font-weight: 400;\">You have the right to transfer the data we receive from you with your consent or for contractual purposes. If you exercise this right, we will transfer a copy of the data you provide to us at your request.<\/span><\/p><p><span style=\"font-weight: 400;\">You have the right to object to our use of your personal data:<\/span><\/p><ul><li style=\"font-weight: 400;\" aria-level=\"1\"><span style=\"font-weight: 400;\">when we use this data to protect our legitimate interests, but we do not have a significant legal basis to continue using your personal data;<\/span><\/li><\/ul><p><span style=\"font-weight: 400;\">COMPLAINTS<\/span><\/p><p><span style=\"font-weight: 400;\">You are important to us, and it is important for us to ensure the protection of your personal data. We apply strict standards to the collection and use of personal data. Therefore, we take any complaint about the use of your personal data very seriously, and please inform us of any problems with it. When you contact us to make a complaint, we only use your personal data to investigate and respond to your complaint and to assess the quality of the services we provide. When we receive a complaint against a member of our team, we may need to disclose your identity to that person. You can indicate that you do not want your personally identifiable information to be disclosed, and we will do our best to accommodate your request. However, it is not always possible to handle a complaint anonymously. If you are not satisfied with our response, you can also lodge a complaint directly with the State Data Protection Inspectorate. You also have the right to lodge a complaint with the supervisory authority of the Member State where you have your habitual residence, place of work, or the place where the alleged infringement occurred.<\/span><\/p>\t\t\t\t\t\t\t\t<\/div>\n\t\t\t\t<\/div>\n\t\t\t\t\t<\/div>\n\t\t<\/div>\n\t\t\t\t\t<\/div>\n\t\t<\/section>\n\t\t\t\t<\/div>","protected":false},"excerpt":{"rendered":"<p>Sobre o tratamento de dados pessoais Esta declara\u00e7\u00e3o de privacidade fornece informa\u00e7\u00f5es sobre o tratamento de dados pessoais pela Catiafatana. A Empresa reconhece que a prote\u00e7\u00e3o dos dados pessoais \u00e9 importante para os seus clientes e parceiros e demais titulares de dados (doravante designados por titulares de dados) e est\u00e1 empenhada em respeitar e proteger [&hellip;]<\/p>\n","protected":false},"author":3,"featured_media":0,"parent":0,"menu_order":11,"comment_status":"closed","ping_status":"closed","template":"elementor_header_footer","meta":{"footnotes":""},"class_list":["post-518","page","type-page","status-publish","hentry"],"yoast_head":"<!-- This site is optimized with the Yoast SEO plugin v27.2 - https:\/\/yoast.com\/product\/yoast-seo-wordpress\/ -->\n<title>Pol\u00edtica de Privacidade - C\u00e1tia Fatana<\/title>\n<meta name=\"description\" content=\"Consulte a Pol\u00edtica de Privacidade da C\u00e1tia Fatana e saiba como os seus dados pessoais s\u00e3o recolhidos, utilizados e protegidos.\" \/>\n<meta name=\"robots\" content=\"index, follow, max-snippet:-1, max-image-preview:large, max-video-preview:-1\" \/>\n<link rel=\"canonical\" href=\"https:\/\/catiafatana.com\/en\/politica-de-privacidade\/\" \/>\n<meta property=\"og:locale\" content=\"en_GB\" \/>\n<meta property=\"og:type\" content=\"article\" \/>\n<meta property=\"og:title\" content=\"Pol\u00edtica de Privacidade - C\u00e1tia Fatana\" \/>\n<meta property=\"og:description\" content=\"Consulte a Pol\u00edtica de Privacidade da C\u00e1tia Fatana e saiba como os seus dados pessoais s\u00e3o recolhidos, utilizados e protegidos.\" \/>\n<meta property=\"og:url\" content=\"https:\/\/catiafatana.com\/en\/politica-de-privacidade\/\" \/>\n<meta property=\"og:site_name\" content=\"C\u00e1tia Fatana\" \/>\n<meta property=\"article:modified_time\" content=\"2026-03-26T13:29:28+00:00\" \/>\n<meta property=\"og:image\" content=\"https:\/\/catiafatana.com\/wp-content\/uploads\/2024\/09\/giselesecco10-1-scaled.jpg\" \/>\n\t<meta property=\"og:image:width\" content=\"1707\" \/>\n\t<meta property=\"og:image:height\" content=\"2560\" \/>\n\t<meta property=\"og:image:type\" content=\"image\/jpeg\" \/>\n<meta name=\"twitter:card\" content=\"summary_large_image\" \/>\n<meta name=\"twitter:label1\" content=\"Estimated reading time\" \/>\n\t<meta name=\"twitter:data1\" content=\"9 minutes\" \/>\n<script type=\"application\/ld+json\" class=\"yoast-schema-graph\">{\"@context\":\"https:\/\/schema.org\",\"@graph\":[{\"@type\":\"WebPage\",\"@id\":\"https:\/\/catiafatana.com\/politica-de-privacidade\/\",\"url\":\"https:\/\/catiafatana.com\/politica-de-privacidade\/\",\"name\":\"Pol\u00edtica de Privacidade - C\u00e1tia Fatana\",\"isPartOf\":{\"@id\":\"https:\/\/catiafatana.com\/#website\"},\"datePublished\":\"2024-02-13T08:28:21+00:00\",\"dateModified\":\"2026-03-26T13:29:28+00:00\",\"description\":\"Consulte a Pol\u00edtica de Privacidade da C\u00e1tia Fatana e saiba como os seus dados pessoais s\u00e3o recolhidos, utilizados e protegidos.\",\"breadcrumb\":{\"@id\":\"https:\/\/catiafatana.com\/politica-de-privacidade\/#breadcrumb\"},\"inLanguage\":\"en-GB\",\"potentialAction\":[{\"@type\":\"ReadAction\",\"target\":[\"https:\/\/catiafatana.com\/politica-de-privacidade\/\"]}]},{\"@type\":\"BreadcrumbList\",\"@id\":\"https:\/\/catiafatana.com\/politica-de-privacidade\/#breadcrumb\",\"itemListElement\":[{\"@type\":\"ListItem\",\"position\":1,\"name\":\"In\u00edcio\",\"item\":\"https:\/\/catiafatana.com\/\"},{\"@type\":\"ListItem\",\"position\":2,\"name\":\"Pol\u00edtica de Privacidade\"}]},{\"@type\":\"WebSite\",\"@id\":\"https:\/\/catiafatana.com\/#website\",\"url\":\"https:\/\/catiafatana.com\/\",\"name\":\"C\u00e1tia Fatana\",\"description\":\"Ativa a intelig\u00eancia do Cora\u00e7\u00e3o - Da dor para o amor!\",\"publisher\":{\"@id\":\"https:\/\/catiafatana.com\/#\/schema\/person\/8778d588b507de4ac92e45d7058766b4\"},\"alternateName\":\"Catia Fatana\",\"potentialAction\":[{\"@type\":\"SearchAction\",\"target\":{\"@type\":\"EntryPoint\",\"urlTemplate\":\"https:\/\/catiafatana.com\/?s={search_term_string}\"},\"query-input\":{\"@type\":\"PropertyValueSpecification\",\"valueRequired\":true,\"valueName\":\"search_term_string\"}}],\"inLanguage\":\"en-GB\"},{\"@type\":[\"Person\",\"Organization\"],\"@id\":\"https:\/\/catiafatana.com\/#\/schema\/person\/8778d588b507de4ac92e45d7058766b4\",\"name\":\"C\u00e1tia Fatana\",\"image\":{\"@type\":\"ImageObject\",\"inLanguage\":\"en-GB\",\"@id\":\"https:\/\/catiafatana.com\/wp-content\/uploads\/2024\/09\/Assinatura-simples-09-scaled.png\",\"url\":\"https:\/\/catiafatana.com\/wp-content\/uploads\/2024\/09\/Assinatura-simples-09-scaled.png\",\"contentUrl\":\"https:\/\/catiafatana.com\/wp-content\/uploads\/2024\/09\/Assinatura-simples-09-scaled.png\",\"width\":2560,\"height\":1440,\"caption\":\"C\u00e1tia Fatana\"},\"logo\":{\"@id\":\"https:\/\/catiafatana.com\/wp-content\/uploads\/2024\/09\/Assinatura-simples-09-scaled.png\"}}]}<\/script>\n<!-- \/ Yoast SEO plugin. -->","yoast_head_json":{"title":"Pol\u00edtica de Privacidade - C\u00e1tia Fatana","description":"Consulte a Pol\u00edtica de Privacidade da C\u00e1tia Fatana e saiba como os seus dados pessoais s\u00e3o recolhidos, utilizados e protegidos.","robots":{"index":"index","follow":"follow","max-snippet":"max-snippet:-1","max-image-preview":"max-image-preview:large","max-video-preview":"max-video-preview:-1"},"canonical":"https:\/\/catiafatana.com\/en\/politica-de-privacidade\/","og_locale":"en_GB","og_type":"article","og_title":"Pol\u00edtica de Privacidade - C\u00e1tia Fatana","og_description":"Consulte a Pol\u00edtica de Privacidade da C\u00e1tia Fatana e saiba como os seus dados pessoais s\u00e3o recolhidos, utilizados e protegidos.","og_url":"https:\/\/catiafatana.com\/en\/politica-de-privacidade\/","og_site_name":"C\u00e1tia Fatana","article_modified_time":"2026-03-26T13:29:28+00:00","og_image":[{"width":1707,"height":2560,"url":"https:\/\/catiafatana.com\/wp-content\/uploads\/2024\/09\/giselesecco10-1-scaled.jpg","type":"image\/jpeg"}],"twitter_card":"summary_large_image","twitter_misc":{"Estimated reading time":"9 minutes"},"schema":{"@context":"https:\/\/schema.org","@graph":[{"@type":"WebPage","@id":"https:\/\/catiafatana.com\/politica-de-privacidade\/","url":"https:\/\/catiafatana.com\/politica-de-privacidade\/","name":"Pol\u00edtica de Privacidade - C\u00e1tia Fatana","isPartOf":{"@id":"https:\/\/catiafatana.com\/#website"},"datePublished":"2024-02-13T08:28:21+00:00","dateModified":"2026-03-26T13:29:28+00:00","description":"Consulte a Pol\u00edtica de Privacidade da C\u00e1tia Fatana e saiba como os seus dados pessoais s\u00e3o recolhidos, utilizados e protegidos.","breadcrumb":{"@id":"https:\/\/catiafatana.com\/politica-de-privacidade\/#breadcrumb"},"inLanguage":"en-GB","potentialAction":[{"@type":"ReadAction","target":["https:\/\/catiafatana.com\/politica-de-privacidade\/"]}]},{"@type":"BreadcrumbList","@id":"https:\/\/catiafatana.com\/politica-de-privacidade\/#breadcrumb","itemListElement":[{"@type":"ListItem","position":1,"name":"In\u00edcio","item":"https:\/\/catiafatana.com\/"},{"@type":"ListItem","position":2,"name":"Pol\u00edtica de Privacidade"}]},{"@type":"WebSite","@id":"https:\/\/catiafatana.com\/#website","url":"https:\/\/catiafatana.com\/","name":"C\u00e1tia Fatana","description":"Ativa a intelig\u00eancia do Cora\u00e7\u00e3o - Da dor para o amor!","publisher":{"@id":"https:\/\/catiafatana.com\/#\/schema\/person\/8778d588b507de4ac92e45d7058766b4"},"alternateName":"Catia Fatana","potentialAction":[{"@type":"SearchAction","target":{"@type":"EntryPoint","urlTemplate":"https:\/\/catiafatana.com\/?s={search_term_string}"},"query-input":{"@type":"PropertyValueSpecification","valueRequired":true,"valueName":"search_term_string"}}],"inLanguage":"en-GB"},{"@type":["Person","Organization"],"@id":"https:\/\/catiafatana.com\/#\/schema\/person\/8778d588b507de4ac92e45d7058766b4","name":"C\u00e1tia Fatana","image":{"@type":"ImageObject","inLanguage":"en-GB","@id":"https:\/\/catiafatana.com\/wp-content\/uploads\/2024\/09\/Assinatura-simples-09-scaled.png","url":"https:\/\/catiafatana.com\/wp-content\/uploads\/2024\/09\/Assinatura-simples-09-scaled.png","contentUrl":"https:\/\/catiafatana.com\/wp-content\/uploads\/2024\/09\/Assinatura-simples-09-scaled.png","width":2560,"height":1440,"caption":"C\u00e1tia Fatana"},"logo":{"@id":"https:\/\/catiafatana.com\/wp-content\/uploads\/2024\/09\/Assinatura-simples-09-scaled.png"}}]}},"_links":{"self":[{"href":"https:\/\/catiafatana.com\/en\/wp-json\/wp\/v2\/pages\/518","targetHints":{"allow":["GET"]}}],"collection":[{"href":"https:\/\/catiafatana.com\/en\/wp-json\/wp\/v2\/pages"}],"about":[{"href":"https:\/\/catiafatana.com\/en\/wp-json\/wp\/v2\/types\/page"}],"author":[{"embeddable":true,"href":"https:\/\/catiafatana.com\/en\/wp-json\/wp\/v2\/users\/3"}],"replies":[{"embeddable":true,"href":"https:\/\/catiafatana.com\/en\/wp-json\/wp\/v2\/comments?post=518"}],"version-history":[{"count":7,"href":"https:\/\/catiafatana.com\/en\/wp-json\/wp\/v2\/pages\/518\/revisions"}],"predecessor-version":[{"id":9566,"href":"https:\/\/catiafatana.com\/en\/wp-json\/wp\/v2\/pages\/518\/revisions\/9566"}],"wp:attachment":[{"href":"https:\/\/catiafatana.com\/en\/wp-json\/wp\/v2\/media?parent=518"}],"curies":[{"name":"wp","href":"https:\/\/api.w.org\/{rel}","templated":true}]}}